{"id":328,"date":"2023-10-07T10:43:12","date_gmt":"2023-10-07T08:43:12","guid":{"rendered":"https:\/\/speakfle.fr\/?page_id=328"},"modified":"2023-12-02T10:45:19","modified_gmt":"2023-12-02T09:45:19","slug":"benjamin-verdier","status":"publish","type":"page","link":"https:\/\/speakfle.fr\/?page_id=328","title":{"rendered":"Benjamin Verdier"},"content":{"rendered":"\n<div class=\"wp-block-media-text alignwide is-stacked-on-mobile\"><figure class=\"wp-block-media-text__media\"><img loading=\"lazy\" decoding=\"async\" width=\"1024\" height=\"1024\" src=\"http:\/\/speakfle.fr\/wp-content\/uploads\/2023\/10\/image.png\" alt=\"\" class=\"wp-image-321 size-full\" srcset=\"https:\/\/speakfle.fr\/wp-content\/uploads\/2023\/10\/image.png 1024w, https:\/\/speakfle.fr\/wp-content\/uploads\/2023\/10\/image-300x300.png 300w, https:\/\/speakfle.fr\/wp-content\/uploads\/2023\/10\/image-150x150.png 150w, https:\/\/speakfle.fr\/wp-content\/uploads\/2023\/10\/image-768x768.png 768w\" sizes=\"auto, (max-width: 1024px) 100vw, 1024px\" \/><\/figure><div class=\"wp-block-media-text__content\">\n<p>Dipl\u00f4m\u00e9 d&#8217;un Master 2 en didactique des langues et ayant une exp\u00e9rience significative dans l&#8217;enseignement du FLE (Fran\u00e7ais Langue \u00c9trang\u00e8re), j&#8217;ai notamment \u00e9t\u00e9 responsable de la formation linguistique de l&#8217;OFII (Office Fran\u00e7ais de l&#8217;Immigration et de l&#8217;Int\u00e9gration) aupr\u00e8s de migrants adultes pendant 5 ans.<\/p>\n\n\n\n<p>Aujourd&#8217;hui \u00e0 mon compte, je donne des le\u00e7ons individuelles et collectives, en face \u00e0 face ou en ligne, \u00e0 des personnes \u00e9trang\u00e8res vivant en France et d\u00e9sireuses d&#8217;am\u00e9liorer leurs comp\u00e9tences orales et \u00e9crites.<\/p>\n\n\n\n<p>Passionn\u00e9 par les langues et la p\u00e9dagogie, je sais \u00e0 quel point l&#8217;apprentissage d&#8217;une langue \u00e9trang\u00e8re est difficile et je propose donc des cours sur mesure, de tous niveaux,  afin de rem\u00e9dier aux probl\u00e8mes rencontr\u00e9s.<\/p>\n<\/div><\/div>\n","protected":false},"excerpt":{"rendered":"<p>Dipl\u00f4m\u00e9 d&#8217;un Master 2 en didactique des langues et ayant une exp\u00e9rience significative dans l&#8217;enseignement du FLE (Fran\u00e7ais Langue \u00c9trang\u00e8re), j&#8217;ai notamment \u00e9t\u00e9 responsable de la formation linguistique de l&#8217;OFII (Office Fran\u00e7ais de l&#8217;Immigration et de l&#8217;Int\u00e9gration) aupr\u00e8s de migrants adultes pendant 5 ans. Aujourd&#8217;hui \u00e0 mon compte, je donne des le\u00e7ons individuelles et collectives, [&hellip;]<\/p>\n","protected":false},"author":1,"featured_media":0,"parent":0,"menu_order":0,"comment_status":"closed","ping_status":"closed","template":"","meta":{"_monsterinsights_skip_tracking":false,"_monsterinsights_sitenote_active":false,"_monsterinsights_sitenote_note":"","_monsterinsights_sitenote_category":0,"footnotes":""},"class_list":["post-328","page","type-page","status-publish","hentry"],"_links":{"self":[{"href":"https:\/\/speakfle.fr\/index.php?rest_route=\/wp\/v2\/pages\/328","targetHints":{"allow":["GET"]}}],"collection":[{"href":"https:\/\/speakfle.fr\/index.php?rest_route=\/wp\/v2\/pages"}],"about":[{"href":"https:\/\/speakfle.fr\/index.php?rest_route=\/wp\/v2\/types\/page"}],"author":[{"embeddable":true,"href":"https:\/\/speakfle.fr\/index.php?rest_route=\/wp\/v2\/users\/1"}],"replies":[{"embeddable":true,"href":"https:\/\/speakfle.fr\/index.php?rest_route=%2Fwp%2Fv2%2Fcomments&post=328"}],"version-history":[{"count":3,"href":"https:\/\/speakfle.fr\/index.php?rest_route=\/wp\/v2\/pages\/328\/revisions"}],"predecessor-version":[{"id":365,"href":"https:\/\/speakfle.fr\/index.php?rest_route=\/wp\/v2\/pages\/328\/revisions\/365"}],"wp:attachment":[{"href":"https:\/\/speakfle.fr\/index.php?rest_route=%2Fwp%2Fv2%2Fmedia&parent=328"}],"curies":[{"name":"wp","href":"https:\/\/api.w.org\/{rel}","templated":true}]}}